{"id":610,"date":"2023-11-18T11:08:41","date_gmt":"2023-11-18T11:08:41","guid":{"rendered":"https:\/\/www.momentumsoft.com.tr\/?page_id=610"},"modified":"2023-11-18T11:16:07","modified_gmt":"2023-11-18T11:16:07","slug":"sosyal-medya-yonetimi","status":"publish","type":"page","link":"https:\/\/www.momentumsoft.com.tr\/index.php\/sosyal-medya-yonetimi\/","title":{"rendered":"Sosyal Medya Y\u00f6netimi"},"content":{"rendered":"\t\t<div data-elementor-type=\"wp-page\" data-elementor-id=\"610\" class=\"elementor elementor-610\">\n\t\t\t\t\t\t\t\t\t<section class=\"elementor-section elementor-top-section elementor-element elementor-element-3022484 elementor-reverse-mobile elementor-section-boxed elementor-section-height-default elementor-section-height-default\" data-id=\"3022484\" data-element_type=\"section\" data-settings=\"{&quot;background_background&quot;:&quot;classic&quot;}\">\n\t\t\t\t\t\t<div class=\"elementor-container elementor-column-gap-default\">\n\t\t\t\t\t<div class=\"elementor-column elementor-col-100 elementor-top-column elementor-element elementor-element-42251ea5\" data-id=\"42251ea5\" data-element_type=\"column\">\n\t\t\t<div class=\"elementor-widget-wrap elementor-element-populated\">\n\t\t\t\t\t\t\t\t<div class=\"elementor-element elementor-element-16b6fc97 elementor-invisible elementor-widget elementor-widget-heading\" data-id=\"16b6fc97\" data-element_type=\"widget\" data-settings=\"{&quot;_animation&quot;:&quot;fadeInUp&quot;}\" data-widget_type=\"heading.default\">\n\t\t\t\t<div class=\"elementor-widget-container\">\n\t\t\t<style>\/*! elementor - v3.18.0 - 20-12-2023 *\/\n.elementor-heading-title{padding:0;margin:0;line-height:1}.elementor-widget-heading .elementor-heading-title[class*=elementor-size-]>a{color:inherit;font-size:inherit;line-height:inherit}.elementor-widget-heading .elementor-heading-title.elementor-size-small{font-size:15px}.elementor-widget-heading .elementor-heading-title.elementor-size-medium{font-size:19px}.elementor-widget-heading .elementor-heading-title.elementor-size-large{font-size:29px}.elementor-widget-heading .elementor-heading-title.elementor-size-xl{font-size:39px}.elementor-widget-heading .elementor-heading-title.elementor-size-xxl{font-size:59px}<\/style><h1 class=\"elementor-heading-title elementor-size-default\">Sosyal Medya Y\u00f6netimi<\/h1>\t\t<\/div>\n\t\t\t\t<\/div>\n\t\t\t\t<div class=\"elementor-element elementor-element-1001c761 elementor-invisible elementor-widget elementor-widget-text-editor\" data-id=\"1001c761\" data-element_type=\"widget\" data-settings=\"{&quot;_animation&quot;:&quot;fadeInUp&quot;}\" data-widget_type=\"text-editor.default\">\n\t\t\t\t<div class=\"elementor-widget-container\">\n\t\t\t<style>\/*! elementor - v3.18.0 - 20-12-2023 *\/\n.elementor-widget-text-editor.elementor-drop-cap-view-stacked .elementor-drop-cap{background-color:#69727d;color:#fff}.elementor-widget-text-editor.elementor-drop-cap-view-framed .elementor-drop-cap{color:#69727d;border:3px solid;background-color:transparent}.elementor-widget-text-editor:not(.elementor-drop-cap-view-default) .elementor-drop-cap{margin-top:8px}.elementor-widget-text-editor:not(.elementor-drop-cap-view-default) .elementor-drop-cap-letter{width:1em;height:1em}.elementor-widget-text-editor .elementor-drop-cap{float:left;text-align:center;line-height:1;font-size:50px}.elementor-widget-text-editor .elementor-drop-cap-letter{display:inline-block}<\/style>\t\t\t\t<p>Marka imaj\u0131n\u0131z\u0131n \u00f6zenle \u015fekillenmesinde sosyal medya y\u00f6netimi kilit bir rol oynar. M\u00fc\u015fteri etkile\u015fimlerini y\u00f6nlendirerek, markan\u0131z\u0131 olumlu bir perspektifle sunar ve de\u011ferlerinizi vurgular\u0131z. Uzman ekibimizle birlikte, markan\u0131z\u0131 y\u00fcceltmek i\u00e7in sosyal medya y\u00f6netiminde sizinleyiz<\/p>\t\t\t\t\t\t<\/div>\n\t\t\t\t<\/div>\n\t\t\t\t<div class=\"elementor-element elementor-element-774cc288 elementor-widget__width-initial elementor-absolute e-transform elementor-invisible elementor-widget elementor-widget-image\" data-id=\"774cc288\" data-element_type=\"widget\" data-settings=\"{&quot;_position&quot;:&quot;absolute&quot;,&quot;_transform_rotateZ_effect&quot;:{&quot;unit&quot;:&quot;px&quot;,&quot;size&quot;:-5,&quot;sizes&quot;:[]},&quot;_animation&quot;:&quot;fadeIn&quot;,&quot;_transform_rotateZ_effect_widescreen&quot;:{&quot;unit&quot;:&quot;deg&quot;,&quot;size&quot;:&quot;&quot;,&quot;sizes&quot;:[]},&quot;_transform_rotateZ_effect_tablet&quot;:{&quot;unit&quot;:&quot;deg&quot;,&quot;size&quot;:&quot;&quot;,&quot;sizes&quot;:[]},&quot;_transform_rotateZ_effect_mobile&quot;:{&quot;unit&quot;:&quot;deg&quot;,&quot;size&quot;:&quot;&quot;,&quot;sizes&quot;:[]}}\" data-widget_type=\"image.default\">\n\t\t\t\t<div class=\"elementor-widget-container\">\n\t\t\t<style>\/*! elementor - v3.18.0 - 20-12-2023 *\/\n.elementor-widget-image{text-align:center}.elementor-widget-image a{display:inline-block}.elementor-widget-image a img[src$=\".svg\"]{width:48px}.elementor-widget-image img{vertical-align:middle;display:inline-block}<\/style>\t\t\t\t\t\t\t\t\t\t\t\t<img fetchpriority=\"high\" decoding=\"async\" width=\"1500\" height=\"449\" src=\"https:\/\/www.momentumsoft.com.tr\/wp-content\/uploads\/2023\/11\/wave2.png\" class=\"attachment-full size-full wp-image-15\" alt=\"\" srcset=\"https:\/\/www.momentumsoft.com.tr\/wp-content\/uploads\/2023\/11\/wave2.png 1500w, https:\/\/www.momentumsoft.com.tr\/wp-content\/uploads\/2023\/11\/wave2-300x90.png 300w, https:\/\/www.momentumsoft.com.tr\/wp-content\/uploads\/2023\/11\/wave2-1024x307.png 1024w, https:\/\/www.momentumsoft.com.tr\/wp-content\/uploads\/2023\/11\/wave2-768x230.png 768w\" sizes=\"(max-width: 1500px) 100vw, 1500px\" \/>\t\t\t\t\t\t\t\t\t\t\t\t\t\t\t<\/div>\n\t\t\t\t<\/div>\n\t\t\t\t\t<\/div>\n\t\t<\/div>\n\t\t\t\t\t\t\t<\/div>\n\t\t<\/section>\n\t\t\t\t<section class=\"elementor-section elementor-top-section elementor-element elementor-element-188329d5 elementor-section-boxed elementor-section-height-default elementor-section-height-default\" data-id=\"188329d5\" data-element_type=\"section\">\n\t\t\t\t\t\t<div class=\"elementor-container elementor-column-gap-default\">\n\t\t\t\t\t<div class=\"elementor-column elementor-col-50 elementor-top-column elementor-element elementor-element-592e7439\" data-id=\"592e7439\" data-element_type=\"column\">\n\t\t\t<div class=\"elementor-widget-wrap elementor-element-populated\">\n\t\t\t\t\t\t\t\t<div class=\"elementor-element elementor-element-603dc739 elementor-widget__width-initial elementor-absolute elementor-widget elementor-widget-image\" data-id=\"603dc739\" data-element_type=\"widget\" data-settings=\"{&quot;_position&quot;:&quot;absolute&quot;}\" data-widget_type=\"image.default\">\n\t\t\t\t<div class=\"elementor-widget-container\">\n\t\t\t\t\t\t\t\t\t\t\t\t\t\t\t<img decoding=\"async\" width=\"800\" height=\"800\" src=\"https:\/\/www.momentumsoft.com.tr\/wp-content\/uploads\/2023\/11\/1.png\" class=\"attachment-full size-full wp-image-20\" alt=\"\" srcset=\"https:\/\/www.momentumsoft.com.tr\/wp-content\/uploads\/2023\/11\/1.png 800w, https:\/\/www.momentumsoft.com.tr\/wp-content\/uploads\/2023\/11\/1-300x300.png 300w, https:\/\/www.momentumsoft.com.tr\/wp-content\/uploads\/2023\/11\/1-150x150.png 150w, https:\/\/www.momentumsoft.com.tr\/wp-content\/uploads\/2023\/11\/1-768x768.png 768w\" sizes=\"(max-width: 800px) 100vw, 800px\" \/>\t\t\t\t\t\t\t\t\t\t\t\t\t\t\t<\/div>\n\t\t\t\t<\/div>\n\t\t\t\t<div class=\"elementor-element elementor-element-41fb75d6 elementor-position-left elementor-mobile-position-left elementor-view-default elementor-vertical-align-top elementor-invisible elementor-widget elementor-widget-icon-box\" data-id=\"41fb75d6\" data-element_type=\"widget\" data-settings=\"{&quot;_animation&quot;:&quot;fadeInUp&quot;}\" data-widget_type=\"icon-box.default\">\n\t\t\t\t<div class=\"elementor-widget-container\">\n\t\t\t<link rel=\"stylesheet\" href=\"https:\/\/www.momentumsoft.com.tr\/wp-content\/uploads\/elementor\/css\/custom-widget-icon-box.min.css?ver=1704136264\">\t\t<div class=\"elementor-icon-box-wrapper\">\n\t\t\t\t\t\t<div class=\"elementor-icon-box-icon\">\n\t\t\t\t<span  class=\"elementor-icon elementor-animation-float\">\n\t\t\t\t<i aria-hidden=\"true\" class=\"icon icon-app\"><\/i>\t\t\t\t<\/span>\n\t\t\t<\/div>\n\t\t\t\t\t\t<div class=\"elementor-icon-box-content\">\n\t\t\t\t<h5 class=\"elementor-icon-box-title\">\n\t\t\t\t\t<span  >\n\t\t\t\t\t\tDijital D\u00fcnyada Yerinizi Al\u0131n\t\t\t\t\t<\/span>\n\t\t\t\t<\/h5>\n\t\t\t\t\t\t\t\t\t<p class=\"elementor-icon-box-description\">\n\t\t\t\t\t\tKendinizi dijital d\u00fcnyada ke\u015ffedin ve markan\u0131z\u0131 daha geni\u015f bir kitleye tan\u0131tarak b\u00fcy\u00fcmenin f\u0131rsatlar\u0131n\u0131 yakalay\u0131n. Dijital platformlarda etkin bir varl\u0131k g\u00f6stererek, i\u015finizi \u00e7evrimi\u00e7i ortamlarda g\u00fc\u00e7l\u00fc bir \u015fekilde temsil edin.\t\t\t\t\t<\/p>\n\t\t\t\t\t\t\t<\/div>\n\t\t<\/div>\n\t\t\t\t<\/div>\n\t\t\t\t<\/div>\n\t\t\t\t<div class=\"elementor-element elementor-element-7f2cc8a9 elementor-position-left elementor-mobile-position-left elementor-view-default elementor-vertical-align-top elementor-invisible elementor-widget elementor-widget-icon-box\" data-id=\"7f2cc8a9\" data-element_type=\"widget\" data-settings=\"{&quot;_animation&quot;:&quot;fadeInUp&quot;}\" data-widget_type=\"icon-box.default\">\n\t\t\t\t<div class=\"elementor-widget-container\">\n\t\t\t\t\t<div class=\"elementor-icon-box-wrapper\">\n\t\t\t\t\t\t<div class=\"elementor-icon-box-icon\">\n\t\t\t\t<span  class=\"elementor-icon elementor-animation-float\">\n\t\t\t\t<i aria-hidden=\"true\" class=\"icon icon-like1\"><\/i>\t\t\t\t<\/span>\n\t\t\t<\/div>\n\t\t\t\t\t\t<div class=\"elementor-icon-box-content\">\n\t\t\t\t<h5 class=\"elementor-icon-box-title\">\n\t\t\t\t\t<span  >\n\t\t\t\t\t\tEtkili \u0130\u00e7erik \u00dcretimi\t\t\t\t\t<\/span>\n\t\t\t\t<\/h5>\n\t\t\t\t\t\t\t\t\t<p class=\"elementor-icon-box-description\">\n\t\t\t\t\t\tEtkili sosyal medya y\u00f6netimi sayesinde, hedef kitlenizi daha iyi anlama ve onlar\u0131n ilgisini \u00e7ekecek i\u00e7erikler olu\u015fturma konusunda size destek sa\u011fl\u0131yoruz.\t\t\t\t\t<\/p>\n\t\t\t\t\t\t\t<\/div>\n\t\t<\/div>\n\t\t\t\t<\/div>\n\t\t\t\t<\/div>\n\t\t\t\t<div class=\"elementor-element elementor-element-5d8330c4 elementor-position-left elementor-mobile-position-left elementor-view-default elementor-vertical-align-top elementor-invisible elementor-widget elementor-widget-icon-box\" data-id=\"5d8330c4\" data-element_type=\"widget\" data-settings=\"{&quot;_animation&quot;:&quot;fadeInUp&quot;}\" data-widget_type=\"icon-box.default\">\n\t\t\t\t<div class=\"elementor-widget-container\">\n\t\t\t\t\t<div class=\"elementor-icon-box-wrapper\">\n\t\t\t\t\t\t<div class=\"elementor-icon-box-icon\">\n\t\t\t\t<span  class=\"elementor-icon elementor-animation-float\">\n\t\t\t\t<i aria-hidden=\"true\" class=\"icon icon-line-chart\"><\/i>\t\t\t\t<\/span>\n\t\t\t<\/div>\n\t\t\t\t\t\t<div class=\"elementor-icon-box-content\">\n\t\t\t\t<h5 class=\"elementor-icon-box-title\">\n\t\t\t\t\t<span  >\n\t\t\t\t\t\tKitle ve Rekabet Analizi\t\t\t\t\t<\/span>\n\t\t\t\t<\/h5>\n\t\t\t\t\t\t\t\t\t<p class=\"elementor-icon-box-description\">\n\t\t\t\t\t\tTakip\u00e7i kitlesinin derinlemesine incelenmesi, kimlerin markam\u0131z\u0131 takip etti\u011fi, onlar\u0131n demografik \u00f6zellikleri, \u00e7evrimi\u00e7i davran\u0131\u015flar\u0131 ve ilgi alanlar\u0131 gibi detaylarla hedef kitleyi daha iyi anlamam\u0131za yard\u0131mc\u0131 oluyor. Ayr\u0131ca, sekt\u00f6rdeki di\u011fer markalar\u0131n sosyal medya stratejilerini ve performanslar\u0131n\u0131 detayl\u0131 bir \u015fekilde analiz ederek, kendi konumumuzu daha iyi anlay\u0131p geli\u015fim f\u0131rsatlar\u0131n\u0131 de\u011ferlendiriyoruz.\t\t\t\t\t<\/p>\n\t\t\t\t\t\t\t<\/div>\n\t\t<\/div>\n\t\t\t\t<\/div>\n\t\t\t\t<\/div>\n\t\t\t\t\t<\/div>\n\t\t<\/div>\n\t\t\t\t<div class=\"elementor-column elementor-col-50 elementor-top-column elementor-element elementor-element-2cca7d1\" data-id=\"2cca7d1\" data-element_type=\"column\">\n\t\t\t<div class=\"elementor-widget-wrap elementor-element-populated\">\n\t\t\t\t\t\t\t\t<div class=\"elementor-element elementor-element-5cc52d9e elementor-widget__width-initial elementor-absolute e-transform e-transform elementor-invisible elementor-widget elementor-widget-image\" data-id=\"5cc52d9e\" data-element_type=\"widget\" data-settings=\"{&quot;_position&quot;:&quot;absolute&quot;,&quot;_transform_rotateZ_effect&quot;:{&quot;unit&quot;:&quot;px&quot;,&quot;size&quot;:105,&quot;sizes&quot;:[]},&quot;_transform_flipY_effect&quot;:&quot;transform&quot;,&quot;_animation&quot;:&quot;fadeIn&quot;,&quot;_transform_rotateZ_effect_widescreen&quot;:{&quot;unit&quot;:&quot;deg&quot;,&quot;size&quot;:&quot;&quot;,&quot;sizes&quot;:[]},&quot;_transform_rotateZ_effect_tablet&quot;:{&quot;unit&quot;:&quot;deg&quot;,&quot;size&quot;:&quot;&quot;,&quot;sizes&quot;:[]},&quot;_transform_rotateZ_effect_mobile&quot;:{&quot;unit&quot;:&quot;deg&quot;,&quot;size&quot;:&quot;&quot;,&quot;sizes&quot;:[]}}\" data-widget_type=\"image.default\">\n\t\t\t\t<div class=\"elementor-widget-container\">\n\t\t\t\t\t\t\t\t\t\t\t\t\t\t\t<img decoding=\"async\" width=\"1500\" height=\"658\" src=\"https:\/\/www.momentumsoft.com.tr\/wp-content\/uploads\/2023\/11\/wave3.png\" class=\"attachment-full size-full wp-image-23\" alt=\"\" srcset=\"https:\/\/www.momentumsoft.com.tr\/wp-content\/uploads\/2023\/11\/wave3.png 1500w, https:\/\/www.momentumsoft.com.tr\/wp-content\/uploads\/2023\/11\/wave3-300x132.png 300w, https:\/\/www.momentumsoft.com.tr\/wp-content\/uploads\/2023\/11\/wave3-1024x449.png 1024w, https:\/\/www.momentumsoft.com.tr\/wp-content\/uploads\/2023\/11\/wave3-768x337.png 768w\" sizes=\"(max-width: 1500px) 100vw, 1500px\" \/>\t\t\t\t\t\t\t\t\t\t\t\t\t\t\t<\/div>\n\t\t\t\t<\/div>\n\t\t\t\t<div class=\"elementor-element elementor-element-24717749 elementor-position-left elementor-mobile-position-left elementor-view-default elementor-vertical-align-top elementor-invisible elementor-widget elementor-widget-icon-box\" data-id=\"24717749\" data-element_type=\"widget\" data-settings=\"{&quot;_animation&quot;:&quot;fadeInUp&quot;,&quot;_animation_delay&quot;:250}\" data-widget_type=\"icon-box.default\">\n\t\t\t\t<div class=\"elementor-widget-container\">\n\t\t\t\t\t<div class=\"elementor-icon-box-wrapper\">\n\t\t\t\t\t\t<div class=\"elementor-icon-box-icon\">\n\t\t\t\t<span  class=\"elementor-icon elementor-animation-float\">\n\t\t\t\t<svg aria-hidden=\"true\" class=\"e-font-icon-svg e-fas-mouse-pointer\" viewBox=\"0 0 320 512\" xmlns=\"http:\/\/www.w3.org\/2000\/svg\"><path d=\"M302.189 329.126H196.105l55.831 135.993c3.889 9.428-.555 19.999-9.444 23.999l-49.165 21.427c-9.165 4-19.443-.571-23.332-9.714l-53.053-129.136-86.664 89.138C18.729 472.71 0 463.554 0 447.977V18.299C0 1.899 19.921-6.096 30.277 5.443l284.412 292.542c11.472 11.179 3.007 31.141-12.5 31.141z\"><\/path><\/svg>\t\t\t\t<\/span>\n\t\t\t<\/div>\n\t\t\t\t\t\t<div class=\"elementor-icon-box-content\">\n\t\t\t\t<h5 class=\"elementor-icon-box-title\">\n\t\t\t\t\t<span  >\n\t\t\t\t\t\tTrafik Y\u00f6netimi\t\t\t\t\t<\/span>\n\t\t\t\t<\/h5>\n\t\t\t\t\t\t\t\t\t<p class=\"elementor-icon-box-description\">\n\t\t\t\t\t\tProfil ba\u011flant\u0131lar\u0131, i\u00e7eriklerde payla\u015f\u0131lan ba\u011flant\u0131lar ve hikayelerdeki 'swipe-up' \u00f6zelli\u011fi gibi ara\u00e7lar, takip\u00e7ileri klini\u011finizin web sitesine veya \u00f6zel sayfalar\u0131na y\u00f6nlendirmek i\u00e7in kulland\u0131\u011f\u0131m\u0131z temel stratejik unsurlard\u0131r. Bu y\u00f6ntemlerle, ilgi \u00e7ekici i\u00e7eriklerimizi payla\u015farak takip\u00e7ilerinizi do\u011frudan istedi\u011fimiz noktalara y\u00f6nlendiriyoruz.\t\t\t\t\t<\/p>\n\t\t\t\t\t\t\t<\/div>\n\t\t<\/div>\n\t\t\t\t<\/div>\n\t\t\t\t<\/div>\n\t\t\t\t<div class=\"elementor-element elementor-element-1b5c96d7 elementor-position-left elementor-mobile-position-left elementor-view-default elementor-vertical-align-top elementor-invisible elementor-widget elementor-widget-icon-box\" data-id=\"1b5c96d7\" data-element_type=\"widget\" data-settings=\"{&quot;_animation&quot;:&quot;fadeInUp&quot;,&quot;_animation_delay&quot;:250}\" data-widget_type=\"icon-box.default\">\n\t\t\t\t<div class=\"elementor-widget-container\">\n\t\t\t\t\t<div class=\"elementor-icon-box-wrapper\">\n\t\t\t\t\t\t<div class=\"elementor-icon-box-icon\">\n\t\t\t\t<span  class=\"elementor-icon elementor-animation-float\">\n\t\t\t\t<svg aria-hidden=\"true\" class=\"e-font-icon-svg e-fas-palette\" viewBox=\"0 0 512 512\" xmlns=\"http:\/\/www.w3.org\/2000\/svg\"><path d=\"M204.3 5C104.9 24.4 24.8 104.3 5.2 203.4c-37 187 131.7 326.4 258.8 306.7 41.2-6.4 61.4-54.6 42.5-91.7-23.1-45.4 9.9-98.4 60.9-98.4h79.7c35.8 0 64.8-29.6 64.9-65.3C511.5 97.1 368.1-26.9 204.3 5zM96 320c-17.7 0-32-14.3-32-32s14.3-32 32-32 32 14.3 32 32-14.3 32-32 32zm32-128c-17.7 0-32-14.3-32-32s14.3-32 32-32 32 14.3 32 32-14.3 32-32 32zm128-64c-17.7 0-32-14.3-32-32s14.3-32 32-32 32 14.3 32 32-14.3 32-32 32zm128 64c-17.7 0-32-14.3-32-32s14.3-32 32-32 32 14.3 32 32-14.3 32-32 32z\"><\/path><\/svg>\t\t\t\t<\/span>\n\t\t\t<\/div>\n\t\t\t\t\t\t<div class=\"elementor-icon-box-content\">\n\t\t\t\t<h5 class=\"elementor-icon-box-title\">\n\t\t\t\t\t<span  >\n\t\t\t\t\t\tUyumlu G\u00f6rseller\t\t\t\t\t<\/span>\n\t\t\t\t<\/h5>\n\t\t\t\t\t\t\t\t\t<p class=\"elementor-icon-box-description\">\n\t\t\t\t\t\tG\u00f6rsel uyum, markan\u0131n tan\u0131n\u0131rl\u0131\u011f\u0131n\u0131 art\u0131rmak ve izleyicilerde derin bir etki b\u0131rakmak i\u00e7in kritik \u00f6neme sahiptir. Renk se\u00e7imi, tipografi ve g\u00f6rsel uyum, markan\u0131n kimli\u011fi ile ba\u011flant\u0131l\u0131 olmal\u0131d\u0131r. Do\u011fru renkler ve uyumlu grafikler kullan\u0131larak, marka tutarl\u0131l\u0131\u011f\u0131 sa\u011flan\u0131r ve izleyicilerin g\u00f6rsel haf\u0131zalar\u0131nda g\u00fc\u00e7l\u00fc bir izlenim b\u0131rak\u0131l\u0131r bu sayede markan\u0131n benzersizli\u011fini vurgulan\u0131r ve hedef kitlenin zihninde olumlu bir imaj olu\u015fturur.\t\t\t\t\t<\/p>\n\t\t\t\t\t\t\t<\/div>\n\t\t<\/div>\n\t\t\t\t<\/div>\n\t\t\t\t<\/div>\n\t\t\t\t\t<\/div>\n\t\t<\/div>\n\t\t\t\t\t\t\t<\/div>\n\t\t<\/section>\n\t\t<div class=\"elementor-element elementor-element-0a70a00 e-flex e-con-boxed e-con e-parent\" data-id=\"0a70a00\" data-element_type=\"container\" data-settings=\"{&quot;content_width&quot;:&quot;boxed&quot;}\" data-core-v316-plus=\"true\">\n\t\t\t\t\t<div class=\"e-con-inner\">\n\t\t\t\t<div class=\"elementor-element elementor-element-d9bf0d6 elementor-widget elementor-widget-text-editor\" data-id=\"d9bf0d6\" data-element_type=\"widget\" data-widget_type=\"text-editor.default\">\n\t\t\t\t<div class=\"elementor-widget-container\">\n\t\t\t\t\t\t\t<p><strong>\u00d6rnek klinik hesab\u0131 i\u00e7in <a href=\"https:\/\/www.instagram.com\/demoklinikmomentum\/\">t\u0131klay\u0131n\u0131z<\/a>.<\/strong><br \/><strong>Detayl\u0131 bilgiye ula\u015fabilece\u011finiz web sitemiz i\u00e7in <a href=\"https:\/\/momentumdijitalmedya.com\/\">t\u0131klay\u0131n\u0131z<\/a>.<\/strong><\/p>\t\t\t\t\t\t<\/div>\n\t\t\t\t<\/div>\n\t\t\t\t\t<\/div>\n\t\t\t\t<\/div>\n\t\t\t\t\t\t\t<\/div>\n\t\t","protected":false},"excerpt":{"rendered":"<p>Sosyal Medya Y\u00f6netimi Marka imaj\u0131n\u0131z\u0131n \u00f6zenle \u015fekillenmesinde sosyal medya y\u00f6netimi kilit bir rol oynar. M\u00fc\u015fteri etkile\u015fimlerini y\u00f6nlendirerek, markan\u0131z\u0131 olumlu bir perspektifle sunar ve de\u011ferlerinizi vurgular\u0131z. Uzman ekibimizle birlikte, markan\u0131z\u0131 y\u00fcceltmek i\u00e7in sosyal medya y\u00f6netiminde sizinleyiz Dijital D\u00fcnyada Yerinizi Al\u0131n Kendinizi dijital d\u00fcnyada ke\u015ffedin ve markan\u0131z\u0131 daha geni\u015f bir kitleye tan\u0131tarak b\u00fcy\u00fcmenin f\u0131rsatlar\u0131n\u0131 yakalay\u0131n. Dijital platformlarda [&hellip;]<\/p>\n","protected":false},"author":1,"featured_media":0,"parent":0,"menu_order":0,"comment_status":"closed","ping_status":"closed","template":"elementor_header_footer","meta":{"footnotes":""},"class_list":["post-610","page","type-page","status-publish","hentry"],"_links":{"self":[{"href":"https:\/\/www.momentumsoft.com.tr\/index.php\/wp-json\/wp\/v2\/pages\/610","targetHints":{"allow":["GET"]}}],"collection":[{"href":"https:\/\/www.momentumsoft.com.tr\/index.php\/wp-json\/wp\/v2\/pages"}],"about":[{"href":"https:\/\/www.momentumsoft.com.tr\/index.php\/wp-json\/wp\/v2\/types\/page"}],"author":[{"embeddable":true,"href":"https:\/\/www.momentumsoft.com.tr\/index.php\/wp-json\/wp\/v2\/users\/1"}],"replies":[{"embeddable":true,"href":"https:\/\/www.momentumsoft.com.tr\/index.php\/wp-json\/wp\/v2\/comments?post=610"}],"version-history":[{"count":3,"href":"https:\/\/www.momentumsoft.com.tr\/index.php\/wp-json\/wp\/v2\/pages\/610\/revisions"}],"predecessor-version":[{"id":614,"href":"https:\/\/www.momentumsoft.com.tr\/index.php\/wp-json\/wp\/v2\/pages\/610\/revisions\/614"}],"wp:attachment":[{"href":"https:\/\/www.momentumsoft.com.tr\/index.php\/wp-json\/wp\/v2\/media?parent=610"}],"curies":[{"name":"wp","href":"https:\/\/api.w.org\/{rel}","templated":true}]}}